{"id":100,"date":"2025-04-22T08:14:10","date_gmt":"2025-04-22T08:14:10","guid":{"rendered":"https:\/\/www.aquares.be\/produit\/bonnet-personnalise-sur-devis\/"},"modified":"2025-05-06T11:08:59","modified_gmt":"2025-05-06T11:08:59","slug":"bonnet-personnalise-sur-devis","status":"publish","type":"product","link":"https:\/\/www.aquares.be\/en\/product\/bonnet-personnalise-sur-devis\/","title":{"rendered":"Personalised\" hat (on request)"},"content":{"rendered":"<div style=\"background-color: #f4f4f4; padding: 10px; margin-bottom: 10px;\">\n<p><strong><span style=\"font-size: 20px;\"><span style=\"color: #e36c09;\">Prices on quotation<\/span><br \/>\n<\/span><\/strong><span style=\"font-size: 18px;\">Please contact us by e-mail <a href=\"mailto:webshop@aquares.be\">webshop@aquares.be<\/a> or by telephone <\/span><a href=\"tel:003222454551\"><span style=\"font-size: 18px;\">+32 (0)2 245 45 51<\/span><\/a><\/p>\n<\/div>\n<p>Silicone cap (50g), pre-curved and ribbed inside for greater comfort, 2cm thicker band for a better grip.<\/p>\n<p><strong>Features<\/strong><\/p>\n<ul>\n<li>50gr<\/li>\n<li>Silicone<\/li>\n<li>One size<\/li>\n<li>Does not pull hair<\/li>\n<li>Provides very good hold<\/li>\n<li>Designed for swimmers looking for a comfortable, supportive cap.<\/li>\n<\/ul>","protected":false},"excerpt":{"rendered":"<p>Prix sur devis Veuillez nous contacter par mail webshop@aquares.be ou par t\u00e9l\u00e9phone +32 (0)2 245 45 51 Bonnet silicone (50gr), int\u00e9rieur pr\u00e9talqu\u00e9 et stri\u00e9 pour un plus grand confort, bande plus \u00e9paisse sur 2 cm pour une meilleure pr\u00e9hension. Caract\u00e9ristiques 50gr Silicone Taille unique Ne tire pas les cheveux Assure une tr\u00e8s bonne tenue Con\u00e7u [&hellip;]<\/p>\n","protected":false},"featured_media":5826,"comment_status":"open","ping_status":"closed","template":"","meta":{"site-sidebar-layout":"default","site-content-layout":"","ast-site-content-layout":"default","site-content-style":"default","site-sidebar-style":"default","ast-global-header-display":"","ast-banner-title-visibility":"","ast-main-header-display":"","ast-hfb-above-header-display":"","ast-hfb-below-header-display":"","ast-hfb-mobile-header-display":"","site-post-title":"","ast-breadcrumbs-content":"","ast-featured-img":"","footer-sml-layout":"","ast-disable-related-posts":"","theme-transparent-header-meta":"default","adv-header-id-meta":"","stick-header-meta":"","header-above-stick-meta":"","header-main-stick-meta":"","header-below-stick-meta":"","astra-migrate-meta-layouts":"set","ast-page-background-enabled":"default","ast-page-background-meta":{"desktop":{"background-color":"","background-image":"","background-repeat":"repeat","background-position":"center center","background-size":"auto","background-attachment":"scroll","background-type":"","background-media":"","overlay-type":"","overlay-color":"","overlay-opacity":"","overlay-gradient":""},"tablet":{"background-color":"","background-image":"","background-repeat":"repeat","background-position":"center center","background-size":"auto","background-attachment":"scroll","background-type":"","background-media":"","overlay-type":"","overlay-color":"","overlay-opacity":"","overlay-gradient":""},"mobile":{"background-color":"","background-image":"","background-repeat":"repeat","background-position":"center center","background-size":"auto","background-attachment":"scroll","background-type":"","background-media":"","overlay-type":"","overlay-color":"","overlay-opacity":"","overlay-gradient":""}},"ast-content-background-meta":{"desktop":{"background-color":"var(--ast-global-color-5)","background-image":"","background-repeat":"repeat","background-position":"center center","background-size":"auto","background-attachment":"scroll","background-type":"","background-media":"","overlay-type":"","overlay-color":"","overlay-opacity":"","overlay-gradient":""},"tablet":{"background-color":"var(--ast-global-color-5)","background-image":"","background-repeat":"repeat","background-position":"center center","background-size":"auto","background-attachment":"scroll","background-type":"","background-media":"","overlay-type":"","overlay-color":"","overlay-opacity":"","overlay-gradient":""},"mobile":{"background-color":"var(--ast-global-color-5)","background-image":"","background-repeat":"repeat","background-position":"center center","background-size":"auto","background-attachment":"scroll","background-type":"","background-media":"","overlay-type":"","overlay-color":"","overlay-opacity":"","overlay-gradient":""}}},"product_brand":[],"product_cat":[22,17,90],"product_tag":[],"class_list":{"0":"post-100","1":"product","2":"type-product","3":"status-publish","4":"has-post-thumbnail","6":"product_cat-bonnets","7":"product_cat-silicone","8":"product_cat-personnalise","9":"desktop-align-left","10":"tablet-align-left","11":"mobile-align-left","13":"first","14":"instock","15":"taxable","16":"shipping-taxable","17":"purchasable","18":"product-type-simple"},"_links":{"self":[{"href":"https:\/\/www.aquares.be\/en\/wp-json\/wp\/v2\/product\/100","targetHints":{"allow":["GET"]}}],"collection":[{"href":"https:\/\/www.aquares.be\/en\/wp-json\/wp\/v2\/product"}],"about":[{"href":"https:\/\/www.aquares.be\/en\/wp-json\/wp\/v2\/types\/product"}],"replies":[{"embeddable":true,"href":"https:\/\/www.aquares.be\/en\/wp-json\/wp\/v2\/comments?post=100"}],"version-history":[{"count":2,"href":"https:\/\/www.aquares.be\/en\/wp-json\/wp\/v2\/product\/100\/revisions"}],"predecessor-version":[{"id":5684,"href":"https:\/\/www.aquares.be\/en\/wp-json\/wp\/v2\/product\/100\/revisions\/5684"}],"wp:featuredmedia":[{"embeddable":true,"href":"https:\/\/www.aquares.be\/en\/wp-json\/wp\/v2\/media\/5826"}],"wp:attachment":[{"href":"https:\/\/www.aquares.be\/en\/wp-json\/wp\/v2\/media?parent=100"}],"wp:term":[{"taxonomy":"product_brand","embeddable":true,"href":"https:\/\/www.aquares.be\/en\/wp-json\/wp\/v2\/product_brand?post=100"},{"taxonomy":"product_cat","embeddable":true,"href":"https:\/\/www.aquares.be\/en\/wp-json\/wp\/v2\/product_cat?post=100"},{"taxonomy":"product_tag","embeddable":true,"href":"https:\/\/www.aquares.be\/en\/wp-json\/wp\/v2\/product_tag?post=100"}],"curies":[{"name":"wp","href":"https:\/\/api.w.org\/{rel}","templated":true}]}}