{"id":168,"date":"2025-04-22T08:14:55","date_gmt":"2025-04-22T08:14:55","guid":{"rendered":"https:\/\/www.aquares.be\/produit\/lunettes-moorea-blue\/"},"modified":"2025-05-08T14:39:58","modified_gmt":"2025-05-08T14:39:58","slug":"lunettes-moorea-blue","status":"publish","type":"product","link":"https:\/\/www.aquares.be\/en\/product\/lunettes-moorea-blue\/","title":{"rendered":"Glasses \" Moorea \" Blue"},"content":{"rendered":"<p>Masque goggles.<\/p>\n<p>Comfortable and lightweight, they're perfect for children aged 4 to 12.<\/p>\n<p>Automatic settings.<\/p>\n<p><strong>Features :<\/strong><\/p>\n<p>&nbsp;<\/p>\n<ul>\n<li>Mask\" silicone structure<\/li>\n<li>Anti-fog<\/li>\n<li>Double clamping adjustment<\/li>\n<li>Adaptable to children's faces<\/li>\n<li>Excellent waterproofing<\/li>\n<\/ul>","protected":false},"excerpt":{"rendered":"<p>Lunettes \u201cMasque\u00a0\u00bb. Confortables et l\u00e9g\u00e8res, conviennent parfaitement aux enfants de 4 \u00e0 12 ans. R\u00e9glages automatiques. Caract\u00e9ristiques : &nbsp; Structure silicone \u201cMasque\u00a0\u00bb Anti-bu\u00e9e Double r\u00e9glage de serrage S\u2019adaptent aux visages \u201cEnfant\u00a0\u00bb Excellente \u00e9tanch\u00e9it\u00e9<\/p>","protected":false},"featured_media":167,"comment_status":"open","ping_status":"closed","template":"","meta":{"site-sidebar-layout":"default","site-content-layout":"","ast-site-content-layout":"default","site-content-style":"default","site-sidebar-style":"default","ast-global-header-display":"","ast-banner-title-visibility":"","ast-main-header-display":"","ast-hfb-above-header-display":"","ast-hfb-below-header-display":"","ast-hfb-mobile-header-display":"","site-post-title":"","ast-breadcrumbs-content":"","ast-featured-img":"","footer-sml-layout":"","ast-disable-related-posts":"","theme-transparent-header-meta":"default","adv-header-id-meta":"","stick-header-meta":"","header-above-stick-meta":"","header-main-stick-meta":"","header-below-stick-meta":"","astra-migrate-meta-layouts":"set","ast-page-background-enabled":"default","ast-page-background-meta":{"desktop":{"background-color":"","background-image":"","background-repeat":"repeat","background-position":"center center","background-size":"auto","background-attachment":"scroll","background-type":"","background-media":"","overlay-type":"","overlay-color":"","overlay-opacity":"","overlay-gradient":""},"tablet":{"background-color":"","background-image":"","background-repeat":"repeat","background-position":"center center","background-size":"auto","background-attachment":"scroll","background-type":"","background-media":"","overlay-type":"","overlay-color":"","overlay-opacity":"","overlay-gradient":""},"mobile":{"background-color":"","background-image":"","background-repeat":"repeat","background-position":"center center","background-size":"auto","background-attachment":"scroll","background-type":"","background-media":"","overlay-type":"","overlay-color":"","overlay-opacity":"","overlay-gradient":""}},"ast-content-background-meta":{"desktop":{"background-color":"var(--ast-global-color-5)","background-image":"","background-repeat":"repeat","background-position":"center center","background-size":"auto","background-attachment":"scroll","background-type":"","background-media":"","overlay-type":"","overlay-color":"","overlay-opacity":"","overlay-gradient":""},"tablet":{"background-color":"var(--ast-global-color-5)","background-image":"","background-repeat":"repeat","background-position":"center center","background-size":"auto","background-attachment":"scroll","background-type":"","background-media":"","overlay-type":"","overlay-color":"","overlay-opacity":"","overlay-gradient":""},"mobile":{"background-color":"var(--ast-global-color-5)","background-image":"","background-repeat":"repeat","background-position":"center center","background-size":"auto","background-attachment":"scroll","background-type":"","background-media":"","overlay-type":"","overlay-color":"","overlay-opacity":"","overlay-gradient":""}}},"product_brand":[],"product_cat":[93,96],"product_tag":[],"class_list":{"0":"post-168","1":"product","2":"type-product","3":"status-publish","4":"has-post-thumbnail","6":"product_cat-lunettes-de-natation","7":"product_cat-enfant-lunettes-de-natation","8":"desktop-align-left","9":"tablet-align-left","10":"mobile-align-left","12":"first","13":"instock","14":"taxable","15":"shipping-taxable","16":"purchasable","17":"product-type-simple"},"_links":{"self":[{"href":"https:\/\/www.aquares.be\/en\/wp-json\/wp\/v2\/product\/168","targetHints":{"allow":["GET"]}}],"collection":[{"href":"https:\/\/www.aquares.be\/en\/wp-json\/wp\/v2\/product"}],"about":[{"href":"https:\/\/www.aquares.be\/en\/wp-json\/wp\/v2\/types\/product"}],"replies":[{"embeddable":true,"href":"https:\/\/www.aquares.be\/en\/wp-json\/wp\/v2\/comments?post=168"}],"version-history":[{"count":2,"href":"https:\/\/www.aquares.be\/en\/wp-json\/wp\/v2\/product\/168\/revisions"}],"predecessor-version":[{"id":4613,"href":"https:\/\/www.aquares.be\/en\/wp-json\/wp\/v2\/product\/168\/revisions\/4613"}],"wp:featuredmedia":[{"embeddable":true,"href":"https:\/\/www.aquares.be\/en\/wp-json\/wp\/v2\/media\/167"}],"wp:attachment":[{"href":"https:\/\/www.aquares.be\/en\/wp-json\/wp\/v2\/media?parent=168"}],"wp:term":[{"taxonomy":"product_brand","embeddable":true,"href":"https:\/\/www.aquares.be\/en\/wp-json\/wp\/v2\/product_brand?post=168"},{"taxonomy":"product_cat","embeddable":true,"href":"https:\/\/www.aquares.be\/en\/wp-json\/wp\/v2\/product_cat?post=168"},{"taxonomy":"product_tag","embeddable":true,"href":"https:\/\/www.aquares.be\/en\/wp-json\/wp\/v2\/product_tag?post=168"}],"curies":[{"name":"wp","href":"https:\/\/api.w.org\/{rel}","templated":true}]}}