{"id":5086,"date":"2025-04-28T12:18:12","date_gmt":"2025-04-28T12:18:12","guid":{"rendered":"https:\/\/www.aquares.be\/?post_type=product&#038;p=5086"},"modified":"2025-05-08T14:22:35","modified_gmt":"2025-05-08T14:22:35","slug":"bonnet-polyurethane-blanc","status":"publish","type":"product","link":"https:\/\/www.aquares.be\/nl\/product\/bonnet-polyurethane-blanc\/","title":{"rendered":"Witte \"Polyurethaan\" hoed"},"content":{"rendered":"<p>Met polyurethaan gecoate stof voor een betere afdichting. Zeer comfortabel, licht en zacht en vormt zich perfect naar de vorm van de schedel.<\/p>\n<p><strong>Kenmerken<\/strong><\/p>\n<ul>\n<li>Superieure pasvorm en comfort<\/li>\n<li>Hydrodynamisch ontwerp: de dop zorgt voor een glad profiel in het water, waardoor de weerstand vermindert<\/li>\n<li>De pet helpt het haar beschermen tegen chloor<\/li>\n<li>Waterafstotend om absorptie te minimaliseren<\/li>\n<li>Slijtvast, lichtgewicht en duurzaam materiaal<\/li>\n<li>Met silicone gecoate lycra stof<\/li>\n<li>Beker voor mannen<\/li>\n<\/ul>","protected":false},"excerpt":{"rendered":"<p>Tissu recouvert de polyur\u00e9thane pour une meilleure \u00e9tanch\u00e9it\u00e9. Tr\u00e9s confortable, l\u00e9ger et doux, il \u00e9pouse parfaitement la forme du cr\u00e2ne. Caract\u00e9ristiques Ajustement et confort sup\u00e9rieur Design hydrodynamique : le bonnet aide \u00e0 cr\u00e9er un profil doux dans l\u2019eau, r\u00e9duisant la r\u00e9sistance Le bonnet aide \u00e0 prot\u00e9ger les cheveux du chlore Hydrofuge pour minimiser l\u2019absorption Mat\u00e9riau [&hellip;]<\/p>\n","protected":false},"featured_media":5077,"comment_status":"open","ping_status":"closed","template":"","meta":{"site-sidebar-layout":"default","site-content-layout":"","ast-site-content-layout":"default","site-content-style":"default","site-sidebar-style":"default","ast-global-header-display":"","ast-banner-title-visibility":"","ast-main-header-display":"","ast-hfb-above-header-display":"","ast-hfb-below-header-display":"","ast-hfb-mobile-header-display":"","site-post-title":"","ast-breadcrumbs-content":"","ast-featured-img":"","footer-sml-layout":"","ast-disable-related-posts":"","theme-transparent-header-meta":"default","adv-header-id-meta":"","stick-header-meta":"","header-above-stick-meta":"","header-main-stick-meta":"","header-below-stick-meta":"","astra-migrate-meta-layouts":"set","ast-page-background-enabled":"default","ast-page-background-meta":{"desktop":{"background-color":"","background-image":"","background-repeat":"repeat","background-position":"center center","background-size":"auto","background-attachment":"scroll","background-type":"","background-media":"","overlay-type":"","overlay-color":"","overlay-opacity":"","overlay-gradient":""},"tablet":{"background-color":"","background-image":"","background-repeat":"repeat","background-position":"center center","background-size":"auto","background-attachment":"scroll","background-type":"","background-media":"","overlay-type":"","overlay-color":"","overlay-opacity":"","overlay-gradient":""},"mobile":{"background-color":"","background-image":"","background-repeat":"repeat","background-position":"center center","background-size":"auto","background-attachment":"scroll","background-type":"","background-media":"","overlay-type":"","overlay-color":"","overlay-opacity":"","overlay-gradient":""}},"ast-content-background-meta":{"desktop":{"background-color":"var(--ast-global-color-5)","background-image":"","background-repeat":"repeat","background-position":"center center","background-size":"auto","background-attachment":"scroll","background-type":"","background-media":"","overlay-type":"","overlay-color":"","overlay-opacity":"","overlay-gradient":""},"tablet":{"background-color":"var(--ast-global-color-5)","background-image":"","background-repeat":"repeat","background-position":"center center","background-size":"auto","background-attachment":"scroll","background-type":"","background-media":"","overlay-type":"","overlay-color":"","overlay-opacity":"","overlay-gradient":""},"mobile":{"background-color":"var(--ast-global-color-5)","background-image":"","background-repeat":"repeat","background-position":"center center","background-size":"auto","background-attachment":"scroll","background-type":"","background-media":"","overlay-type":"","overlay-color":"","overlay-opacity":"","overlay-gradient":""}}},"product_brand":[],"product_cat":[22,21,25],"product_tag":[],"class_list":{"0":"post-5086","1":"product","2":"type-product","3":"status-publish","4":"has-post-thumbnail","6":"product_cat-bonnets","7":"product_cat-tissu","8":"product_cat-polyurethane","9":"desktop-align-left","10":"tablet-align-left","11":"mobile-align-left","13":"first","14":"instock","15":"taxable","16":"shipping-taxable","17":"purchasable","18":"product-type-simple"},"_links":{"self":[{"href":"https:\/\/www.aquares.be\/nl\/wp-json\/wp\/v2\/product\/5086","targetHints":{"allow":["GET"]}}],"collection":[{"href":"https:\/\/www.aquares.be\/nl\/wp-json\/wp\/v2\/product"}],"about":[{"href":"https:\/\/www.aquares.be\/nl\/wp-json\/wp\/v2\/types\/product"}],"replies":[{"embeddable":true,"href":"https:\/\/www.aquares.be\/nl\/wp-json\/wp\/v2\/comments?post=5086"}],"version-history":[{"count":1,"href":"https:\/\/www.aquares.be\/nl\/wp-json\/wp\/v2\/product\/5086\/revisions"}],"predecessor-version":[{"id":5087,"href":"https:\/\/www.aquares.be\/nl\/wp-json\/wp\/v2\/product\/5086\/revisions\/5087"}],"wp:featuredmedia":[{"embeddable":true,"href":"https:\/\/www.aquares.be\/nl\/wp-json\/wp\/v2\/media\/5077"}],"wp:attachment":[{"href":"https:\/\/www.aquares.be\/nl\/wp-json\/wp\/v2\/media?parent=5086"}],"wp:term":[{"taxonomy":"product_brand","embeddable":true,"href":"https:\/\/www.aquares.be\/nl\/wp-json\/wp\/v2\/product_brand?post=5086"},{"taxonomy":"product_cat","embeddable":true,"href":"https:\/\/www.aquares.be\/nl\/wp-json\/wp\/v2\/product_cat?post=5086"},{"taxonomy":"product_tag","embeddable":true,"href":"https:\/\/www.aquares.be\/nl\/wp-json\/wp\/v2\/product_tag?post=5086"}],"curies":[{"name":"wp","href":"https:\/\/api.w.org\/{rel}","templated":true}]}}