{"id":5103,"date":"2025-04-28T12:53:49","date_gmt":"2025-04-28T12:53:49","guid":{"rendered":"https:\/\/www.aquares.be\/?post_type=product&#038;p=5103"},"modified":"2025-05-08T13:59:23","modified_gmt":"2025-05-08T13:59:23","slug":"bonnet-lycra-junior-bleu","status":"publish","type":"product","link":"https:\/\/www.aquares.be\/nl\/product\/bonnet-lycra-junior-bleu\/","title":{"rendered":"Lycra Junior\" muts Blauw"},"content":{"rendered":"<p>Comfortabele stoffen kap.<\/p>\n<p>Veilige, comfortabele pasvorm. Bestand tegen chloor. Geschikt voor kleinere kinderen.<\/p>\n<p><strong>Kenmerken<\/strong><\/p>\n<ul>\n<li>Ideaal voor regelmatige training<\/li>\n<li>Ergonomisch gevormd voor meer comfort en ondersteuning<\/li>\n<li>Comfortabel en gemakkelijk aan te trekken<\/li>\n<li>Beschadigt het haar niet en beschermt het tegen chloor<\/li>\n<li>Beker voor mannen<\/li>\n<li>Snel droog<\/li>\n<\/ul>","protected":false},"excerpt":{"rendered":"<p>Bonnet tissu, confortable. Maintien s\u00fbr et confortable. R\u00e9sistant, apporte la protection au chlore. Taille adapt\u00e9e aux plus petits. Caract\u00e9ristiques Id\u00e9al pour un entra\u00eenement r\u00e9gulier Forme ergonomique pour plus de confort et de maintien Confortable et facile \u00e0 mettre N\u2019ab\u00eeme pas les cheveux et les prot\u00e8ge du chlore Coupe masculine S\u00e9chage rapide<\/p>","protected":false},"featured_media":5098,"comment_status":"open","ping_status":"closed","template":"","meta":{"site-sidebar-layout":"default","site-content-layout":"","ast-site-content-layout":"default","site-content-style":"default","site-sidebar-style":"default","ast-global-header-display":"","ast-banner-title-visibility":"","ast-main-header-display":"","ast-hfb-above-header-display":"","ast-hfb-below-header-display":"","ast-hfb-mobile-header-display":"","site-post-title":"","ast-breadcrumbs-content":"","ast-featured-img":"","footer-sml-layout":"","ast-disable-related-posts":"","theme-transparent-header-meta":"default","adv-header-id-meta":"","stick-header-meta":"","header-above-stick-meta":"","header-main-stick-meta":"","header-below-stick-meta":"","astra-migrate-meta-layouts":"set","ast-page-background-enabled":"default","ast-page-background-meta":{"desktop":{"background-color":"","background-image":"","background-repeat":"repeat","background-position":"center center","background-size":"auto","background-attachment":"scroll","background-type":"","background-media":"","overlay-type":"","overlay-color":"","overlay-opacity":"","overlay-gradient":""},"tablet":{"background-color":"","background-image":"","background-repeat":"repeat","background-position":"center center","background-size":"auto","background-attachment":"scroll","background-type":"","background-media":"","overlay-type":"","overlay-color":"","overlay-opacity":"","overlay-gradient":""},"mobile":{"background-color":"","background-image":"","background-repeat":"repeat","background-position":"center center","background-size":"auto","background-attachment":"scroll","background-type":"","background-media":"","overlay-type":"","overlay-color":"","overlay-opacity":"","overlay-gradient":""}},"ast-content-background-meta":{"desktop":{"background-color":"var(--ast-global-color-5)","background-image":"","background-repeat":"repeat","background-position":"center center","background-size":"auto","background-attachment":"scroll","background-type":"","background-media":"","overlay-type":"","overlay-color":"","overlay-opacity":"","overlay-gradient":""},"tablet":{"background-color":"var(--ast-global-color-5)","background-image":"","background-repeat":"repeat","background-position":"center center","background-size":"auto","background-attachment":"scroll","background-type":"","background-media":"","overlay-type":"","overlay-color":"","overlay-opacity":"","overlay-gradient":""},"mobile":{"background-color":"var(--ast-global-color-5)","background-image":"","background-repeat":"repeat","background-position":"center center","background-size":"auto","background-attachment":"scroll","background-type":"","background-media":"","overlay-type":"","overlay-color":"","overlay-opacity":"","overlay-gradient":""}}},"product_brand":[],"product_cat":[21,83,85],"product_tag":[],"class_list":{"0":"post-5103","1":"product","2":"type-product","3":"status-publish","4":"has-post-thumbnail","6":"product_cat-tissu","7":"product_cat-lycra","8":"product_cat-junior","9":"desktop-align-left","10":"tablet-align-left","11":"mobile-align-left","13":"first","14":"instock","15":"taxable","16":"shipping-taxable","17":"purchasable","18":"product-type-simple"},"_links":{"self":[{"href":"https:\/\/www.aquares.be\/nl\/wp-json\/wp\/v2\/product\/5103","targetHints":{"allow":["GET"]}}],"collection":[{"href":"https:\/\/www.aquares.be\/nl\/wp-json\/wp\/v2\/product"}],"about":[{"href":"https:\/\/www.aquares.be\/nl\/wp-json\/wp\/v2\/types\/product"}],"replies":[{"embeddable":true,"href":"https:\/\/www.aquares.be\/nl\/wp-json\/wp\/v2\/comments?post=5103"}],"version-history":[{"count":1,"href":"https:\/\/www.aquares.be\/nl\/wp-json\/wp\/v2\/product\/5103\/revisions"}],"predecessor-version":[{"id":5104,"href":"https:\/\/www.aquares.be\/nl\/wp-json\/wp\/v2\/product\/5103\/revisions\/5104"}],"wp:featuredmedia":[{"embeddable":true,"href":"https:\/\/www.aquares.be\/nl\/wp-json\/wp\/v2\/media\/5098"}],"wp:attachment":[{"href":"https:\/\/www.aquares.be\/nl\/wp-json\/wp\/v2\/media?parent=5103"}],"wp:term":[{"taxonomy":"product_brand","embeddable":true,"href":"https:\/\/www.aquares.be\/nl\/wp-json\/wp\/v2\/product_brand?post=5103"},{"taxonomy":"product_cat","embeddable":true,"href":"https:\/\/www.aquares.be\/nl\/wp-json\/wp\/v2\/product_cat?post=5103"},{"taxonomy":"product_tag","embeddable":true,"href":"https:\/\/www.aquares.be\/nl\/wp-json\/wp\/v2\/product_tag?post=5103"}],"curies":[{"name":"wp","href":"https:\/\/api.w.org\/{rel}","templated":true}]}}