{"id":64,"date":"2025-04-22T08:13:45","date_gmt":"2025-04-22T08:13:45","guid":{"rendered":"https:\/\/www.aquares.be\/produit\/bonnet-bubble-plusieurs-coloris\/"},"modified":"2025-05-08T13:52:44","modified_gmt":"2025-05-08T13:52:44","slug":"bonnet-bubble-blanc","status":"publish","type":"product","link":"https:\/\/www.aquares.be\/nl\/product\/bonnet-bubble-blanc\/","title":{"rendered":"Bubbelhoed Wit"},"content":{"rendered":"<p>Zeer zachte siliconen dop (50 g), voorgevormde binnenkant voor meer comfort, 2 cm dikkere band voor een betere grip.<\/p>\n<p>Bubble' technologie maakt deze pet nog flexibeler en rekbaarder. Perfect voor lang haar, chignons, vlechten, enz.<\/p>\n<p><strong>Kenmerken<\/strong><\/p>\n<ul>\n<li>Siliconen, 50gr, \u00e9\u00e9n maat<\/li>\n<li>Microbubbeltechniek, trekt niet aan het haar<\/li>\n<li>Houdt zeer goed<\/li>\n<li>Maximale uitbreidbaarheid<\/li>\n<li>Ideaal voor volumineus haar<\/li>\n<li>Gemakkelijk aan te brengen<\/li>\n<\/ul>","protected":false},"excerpt":{"rendered":"<p>Bonnet silicone tr\u00e8s souple (50gr), int\u00e9rieur pr\u00e9talqu\u00e9 pour un plus grand confort, bande plus \u00e9paisse sur 2 cm pour une meilleure pr\u00e9hension. La technologie &lsquo;Bubble&rsquo; rend ce bonnet encore plus souple et extensible. Il conviendra parfaitement pour les cheveux longs, chignons, tresses, etc&#8230; Caract\u00e9ristiques Silicone, 50gr, taille unique Technique micro-bulle, ne tire pas les cheveux [&hellip;]<\/p>\n","protected":false},"featured_media":63,"comment_status":"open","ping_status":"closed","template":"","meta":{"site-sidebar-layout":"default","site-content-layout":"","ast-site-content-layout":"default","site-content-style":"default","site-sidebar-style":"default","ast-global-header-display":"","ast-banner-title-visibility":"","ast-main-header-display":"","ast-hfb-above-header-display":"","ast-hfb-below-header-display":"","ast-hfb-mobile-header-display":"","site-post-title":"","ast-breadcrumbs-content":"","ast-featured-img":"","footer-sml-layout":"","ast-disable-related-posts":"","theme-transparent-header-meta":"default","adv-header-id-meta":"","stick-header-meta":"","header-above-stick-meta":"","header-main-stick-meta":"","header-below-stick-meta":"","astra-migrate-meta-layouts":"set","ast-page-background-enabled":"default","ast-page-background-meta":{"desktop":{"background-color":"","background-image":"","background-repeat":"repeat","background-position":"center center","background-size":"auto","background-attachment":"scroll","background-type":"","background-media":"","overlay-type":"","overlay-color":"","overlay-opacity":"","overlay-gradient":""},"tablet":{"background-color":"","background-image":"","background-repeat":"repeat","background-position":"center center","background-size":"auto","background-attachment":"scroll","background-type":"","background-media":"","overlay-type":"","overlay-color":"","overlay-opacity":"","overlay-gradient":""},"mobile":{"background-color":"","background-image":"","background-repeat":"repeat","background-position":"center center","background-size":"auto","background-attachment":"scroll","background-type":"","background-media":"","overlay-type":"","overlay-color":"","overlay-opacity":"","overlay-gradient":""}},"ast-content-background-meta":{"desktop":{"background-color":"var(--ast-global-color-5)","background-image":"","background-repeat":"repeat","background-position":"center center","background-size":"auto","background-attachment":"scroll","background-type":"","background-media":"","overlay-type":"","overlay-color":"","overlay-opacity":"","overlay-gradient":""},"tablet":{"background-color":"var(--ast-global-color-5)","background-image":"","background-repeat":"repeat","background-position":"center center","background-size":"auto","background-attachment":"scroll","background-type":"","background-media":"","overlay-type":"","overlay-color":"","overlay-opacity":"","overlay-gradient":""},"mobile":{"background-color":"var(--ast-global-color-5)","background-image":"","background-repeat":"repeat","background-position":"center center","background-size":"auto","background-attachment":"scroll","background-type":"","background-media":"","overlay-type":"","overlay-color":"","overlay-opacity":"","overlay-gradient":""}}},"product_brand":[],"product_cat":[22,17,100],"product_tag":[],"class_list":{"0":"post-64","1":"product","2":"type-product","3":"status-publish","4":"has-post-thumbnail","6":"product_cat-bonnets","7":"product_cat-silicone","8":"product_cat-bubble","9":"desktop-align-left","10":"tablet-align-left","11":"mobile-align-left","13":"first","14":"instock","15":"taxable","16":"shipping-taxable","17":"purchasable","18":"product-type-simple"},"_links":{"self":[{"href":"https:\/\/www.aquares.be\/nl\/wp-json\/wp\/v2\/product\/64","targetHints":{"allow":["GET"]}}],"collection":[{"href":"https:\/\/www.aquares.be\/nl\/wp-json\/wp\/v2\/product"}],"about":[{"href":"https:\/\/www.aquares.be\/nl\/wp-json\/wp\/v2\/types\/product"}],"replies":[{"embeddable":true,"href":"https:\/\/www.aquares.be\/nl\/wp-json\/wp\/v2\/comments?post=64"}],"version-history":[{"count":2,"href":"https:\/\/www.aquares.be\/nl\/wp-json\/wp\/v2\/product\/64\/revisions"}],"predecessor-version":[{"id":5042,"href":"https:\/\/www.aquares.be\/nl\/wp-json\/wp\/v2\/product\/64\/revisions\/5042"}],"wp:featuredmedia":[{"embeddable":true,"href":"https:\/\/www.aquares.be\/nl\/wp-json\/wp\/v2\/media\/63"}],"wp:attachment":[{"href":"https:\/\/www.aquares.be\/nl\/wp-json\/wp\/v2\/media?parent=64"}],"wp:term":[{"taxonomy":"product_brand","embeddable":true,"href":"https:\/\/www.aquares.be\/nl\/wp-json\/wp\/v2\/product_brand?post=64"},{"taxonomy":"product_cat","embeddable":true,"href":"https:\/\/www.aquares.be\/nl\/wp-json\/wp\/v2\/product_cat?post=64"},{"taxonomy":"product_tag","embeddable":true,"href":"https:\/\/www.aquares.be\/nl\/wp-json\/wp\/v2\/product_tag?post=64"}],"curies":[{"name":"wp","href":"https:\/\/api.w.org\/{rel}","templated":true}]}}