{"id":72,"date":"2025-04-22T08:13:51","date_gmt":"2025-04-22T08:13:51","guid":{"rendered":"https:\/\/www.aquares.be\/produit\/bonnet-enfant-requin-1\/"},"modified":"2025-05-08T13:51:05","modified_gmt":"2025-05-08T13:51:05","slug":"bonnet-enfant-requin-1","status":"publish","type":"product","link":"https:\/\/www.aquares.be\/nl\/product\/bonnet-enfant-requin-1\/","title":{"rendered":"Kinderhoed Haai 1"},"content":{"rendered":"<p>Siliconen dop (50g), voorgebogen en geribbelde binnenkant voor meer comfort, 2cm dikkere band voor een betere grip.<\/p>\n<p><strong>Kenmerken<\/strong><\/p>\n<ul>\n<li>50gr<\/li>\n<li>Silicone<\/li>\n<li>E\u00e9n maat<\/li>\n<li>Trekt niet aan het haar<\/li>\n<li>Houdt zeer goed<\/li>\n<li>Ontworpen voor zwemmers die op zoek zijn naar een comfortabele, ondersteunende cap.<\/li>\n<\/ul>","protected":false},"excerpt":{"rendered":"<p>Bonnet silicone (50gr), int\u00e9rieur pr\u00e9talqu\u00e9 et stri\u00e9 pour un plus grand confort, bande plus \u00e9paisse sur 2 cm pour une meilleure pr\u00e9hension. Caract\u00e9ristiques 50gr Silicone Taille unique Ne tire pas les cheveux Assure une tr\u00e8s bonne tenue Con\u00e7u pour les nageurs \u00e0 la recherche d&rsquo;un bonnet apportant confort et maintien<\/p>","protected":false},"featured_media":71,"comment_status":"open","ping_status":"closed","template":"","meta":{"site-sidebar-layout":"default","site-content-layout":"","ast-site-content-layout":"default","site-content-style":"default","site-sidebar-style":"default","ast-global-header-display":"","ast-banner-title-visibility":"","ast-main-header-display":"","ast-hfb-above-header-display":"","ast-hfb-below-header-display":"","ast-hfb-mobile-header-display":"","site-post-title":"","ast-breadcrumbs-content":"","ast-featured-img":"","footer-sml-layout":"","ast-disable-related-posts":"","theme-transparent-header-meta":"default","adv-header-id-meta":"","stick-header-meta":"","header-above-stick-meta":"","header-main-stick-meta":"","header-below-stick-meta":"","astra-migrate-meta-layouts":"set","ast-page-background-enabled":"default","ast-page-background-meta":{"desktop":{"background-color":"","background-image":"","background-repeat":"repeat","background-position":"center center","background-size":"auto","background-attachment":"scroll","background-type":"","background-media":"","overlay-type":"","overlay-color":"","overlay-opacity":"","overlay-gradient":""},"tablet":{"background-color":"","background-image":"","background-repeat":"repeat","background-position":"center center","background-size":"auto","background-attachment":"scroll","background-type":"","background-media":"","overlay-type":"","overlay-color":"","overlay-opacity":"","overlay-gradient":""},"mobile":{"background-color":"","background-image":"","background-repeat":"repeat","background-position":"center center","background-size":"auto","background-attachment":"scroll","background-type":"","background-media":"","overlay-type":"","overlay-color":"","overlay-opacity":"","overlay-gradient":""}},"ast-content-background-meta":{"desktop":{"background-color":"var(--ast-global-color-5)","background-image":"","background-repeat":"repeat","background-position":"center center","background-size":"auto","background-attachment":"scroll","background-type":"","background-media":"","overlay-type":"","overlay-color":"","overlay-opacity":"","overlay-gradient":""},"tablet":{"background-color":"var(--ast-global-color-5)","background-image":"","background-repeat":"repeat","background-position":"center center","background-size":"auto","background-attachment":"scroll","background-type":"","background-media":"","overlay-type":"","overlay-color":"","overlay-opacity":"","overlay-gradient":""},"mobile":{"background-color":"var(--ast-global-color-5)","background-image":"","background-repeat":"repeat","background-position":"center center","background-size":"auto","background-attachment":"scroll","background-type":"","background-media":"","overlay-type":"","overlay-color":"","overlay-opacity":"","overlay-gradient":""}}},"product_brand":[],"product_cat":[22,17,87],"product_tag":[],"class_list":{"0":"post-72","1":"product","2":"type-product","3":"status-publish","4":"has-post-thumbnail","6":"product_cat-bonnets","7":"product_cat-silicone","8":"product_cat-enfant","9":"desktop-align-left","10":"tablet-align-left","11":"mobile-align-left","13":"first","14":"instock","15":"taxable","16":"shipping-taxable","17":"purchasable","18":"product-type-simple"},"_links":{"self":[{"href":"https:\/\/www.aquares.be\/nl\/wp-json\/wp\/v2\/product\/72","targetHints":{"allow":["GET"]}}],"collection":[{"href":"https:\/\/www.aquares.be\/nl\/wp-json\/wp\/v2\/product"}],"about":[{"href":"https:\/\/www.aquares.be\/nl\/wp-json\/wp\/v2\/types\/product"}],"replies":[{"embeddable":true,"href":"https:\/\/www.aquares.be\/nl\/wp-json\/wp\/v2\/comments?post=72"}],"version-history":[{"count":3,"href":"https:\/\/www.aquares.be\/nl\/wp-json\/wp\/v2\/product\/72\/revisions"}],"predecessor-version":[{"id":4550,"href":"https:\/\/www.aquares.be\/nl\/wp-json\/wp\/v2\/product\/72\/revisions\/4550"}],"wp:featuredmedia":[{"embeddable":true,"href":"https:\/\/www.aquares.be\/nl\/wp-json\/wp\/v2\/media\/71"}],"wp:attachment":[{"href":"https:\/\/www.aquares.be\/nl\/wp-json\/wp\/v2\/media?parent=72"}],"wp:term":[{"taxonomy":"product_brand","embeddable":true,"href":"https:\/\/www.aquares.be\/nl\/wp-json\/wp\/v2\/product_brand?post=72"},{"taxonomy":"product_cat","embeddable":true,"href":"https:\/\/www.aquares.be\/nl\/wp-json\/wp\/v2\/product_cat?post=72"},{"taxonomy":"product_tag","embeddable":true,"href":"https:\/\/www.aquares.be\/nl\/wp-json\/wp\/v2\/product_tag?post=72"}],"curies":[{"name":"wp","href":"https:\/\/api.w.org\/{rel}","templated":true}]}}